{"id":292,"date":"2024-10-19T17:08:59","date_gmt":"2024-10-19T17:08:59","guid":{"rendered":"https:\/\/aengineering.lv\/?page_id=292"},"modified":"2024-12-27T09:18:20","modified_gmt":"2024-12-27T09:18:20","slug":"img-preparation-of-procurement-documentation-and-support-in-procurement","status":"publish","type":"page","link":"https:\/\/aengineering.lv\/lv\/img-preparation-of-procurement-documentation-and-support-in-procurement\/","title":{"rendered":"Iepirkuma dokument\u0101cijas sagatavo\u0161ana un atbalsts iepirkuma proces\u0101"},"content":{"rendered":"","protected":false},"excerpt":{"rendered":"","protected":false},"author":1,"featured_media":810,"parent":0,"menu_order":0,"comment_status":"closed","ping_status":"closed","template":"","meta":{"om_disable_all_campaigns":false,"_monsterinsights_skip_tracking":false,"_monsterinsights_sitenote_active":false,"_monsterinsights_sitenote_note":"","_monsterinsights_sitenote_category":0,"footnotes":""},"categories":[],"tags":[],"_links":{"self":[{"href":"https:\/\/aengineering.lv\/lv\/wp-json\/wp\/v2\/pages\/292"}],"collection":[{"href":"https:\/\/aengineering.lv\/lv\/wp-json\/wp\/v2\/pages"}],"about":[{"href":"https:\/\/aengineering.lv\/lv\/wp-json\/wp\/v2\/types\/page"}],"author":[{"embeddable":true,"href":"https:\/\/aengineering.lv\/lv\/wp-json\/wp\/v2\/users\/1"}],"replies":[{"embeddable":true,"href":"https:\/\/aengineering.lv\/lv\/wp-json\/wp\/v2\/comments?post=292"}],"version-history":[{"count":5,"href":"https:\/\/aengineering.lv\/lv\/wp-json\/wp\/v2\/pages\/292\/revisions"}],"predecessor-version":[{"id":973,"href":"https:\/\/aengineering.lv\/lv\/wp-json\/wp\/v2\/pages\/292\/revisions\/973"}],"wp:featuredmedia":[{"embeddable":true,"href":"https:\/\/aengineering.lv\/lv\/wp-json\/wp\/v2\/media\/810"}],"wp:attachment":[{"href":"https:\/\/aengineering.lv\/lv\/wp-json\/wp\/v2\/media?parent=292"}],"wp:term":[{"taxonomy":"category","embeddable":true,"href":"https:\/\/aengineering.lv\/lv\/wp-json\/wp\/v2\/categories?post=292"},{"taxonomy":"post_tag","embeddable":true,"href":"https:\/\/aengineering.lv\/lv\/wp-json\/wp\/v2\/tags?post=292"}],"curies":[{"name":"wp","href":"https:\/\/api.w.org\/{rel}","templated":true}]}}