{"id":298,"date":"2024-10-19T17:10:17","date_gmt":"2024-10-19T17:10:17","guid":{"rendered":"https:\/\/aengineering.lv\/?page_id=298"},"modified":"2024-12-26T15:24:56","modified_gmt":"2024-12-26T15:24:56","slug":"img-electrical-engineering-of-specialty-or-high-complexity-power-supply-systems","status":"publish","type":"page","link":"https:\/\/aengineering.lv\/lv\/img-electrical-engineering-of-specialty-or-high-complexity-power-supply-systems\/","title":{"rendered":"\u2060Specializ\u0113tu vai augstas sare\u017e\u0123\u012bt\u012bbas pak\u0101pes elektroapg\u0101des sist\u0113mu projekt\u0113\u0161ana"},"content":{"rendered":"","protected":false},"excerpt":{"rendered":"","protected":false},"author":1,"featured_media":813,"parent":0,"menu_order":0,"comment_status":"closed","ping_status":"closed","template":"","meta":{"om_disable_all_campaigns":false,"_monsterinsights_skip_tracking":false,"_monsterinsights_sitenote_active":false,"_monsterinsights_sitenote_note":"","_monsterinsights_sitenote_category":0,"footnotes":""},"categories":[],"tags":[],"_links":{"self":[{"href":"https:\/\/aengineering.lv\/lv\/wp-json\/wp\/v2\/pages\/298"}],"collection":[{"href":"https:\/\/aengineering.lv\/lv\/wp-json\/wp\/v2\/pages"}],"about":[{"href":"https:\/\/aengineering.lv\/lv\/wp-json\/wp\/v2\/types\/page"}],"author":[{"embeddable":true,"href":"https:\/\/aengineering.lv\/lv\/wp-json\/wp\/v2\/users\/1"}],"replies":[{"embeddable":true,"href":"https:\/\/aengineering.lv\/lv\/wp-json\/wp\/v2\/comments?post=298"}],"version-history":[{"count":7,"href":"https:\/\/aengineering.lv\/lv\/wp-json\/wp\/v2\/pages\/298\/revisions"}],"predecessor-version":[{"id":944,"href":"https:\/\/aengineering.lv\/lv\/wp-json\/wp\/v2\/pages\/298\/revisions\/944"}],"wp:featuredmedia":[{"embeddable":true,"href":"https:\/\/aengineering.lv\/lv\/wp-json\/wp\/v2\/media\/813"}],"wp:attachment":[{"href":"https:\/\/aengineering.lv\/lv\/wp-json\/wp\/v2\/media?parent=298"}],"wp:term":[{"taxonomy":"category","embeddable":true,"href":"https:\/\/aengineering.lv\/lv\/wp-json\/wp\/v2\/categories?post=298"},{"taxonomy":"post_tag","embeddable":true,"href":"https:\/\/aengineering.lv\/lv\/wp-json\/wp\/v2\/tags?post=298"}],"curies":[{"name":"wp","href":"https:\/\/api.w.org\/{rel}","templated":true}]}}