{"id":382,"date":"2024-10-20T07:11:23","date_gmt":"2024-10-20T07:11:23","guid":{"rendered":"https:\/\/aengineering.lv\/?page_id=382"},"modified":"2024-11-08T00:03:25","modified_gmt":"2024-11-08T00:03:25","slug":"principles-of-ethical-operation","status":"publish","type":"page","link":"https:\/\/aengineering.lv\/lv\/principles-of-ethical-operation\/","title":{"rendered":"\u0112TISK\u0100S DARB\u012aBAS PRINCIPI"},"content":{"rendered":"\n<div class=\"wp-block-pdf-viewer-block-standard\" style=\"text-align:left\"><div class=\"uploaded-pdf\"><a href=\"https:\/\/aengineering.lv\/wp-content\/uploads\/2024\/10\/AUTENG_AE-CS-01_PRINCIPLES_OF_ETHICAL_OPERATION.pdf\" data-width=\"\" data-height=\"\"><\/a><\/div><\/div>\n","protected":false},"excerpt":{"rendered":"","protected":false},"author":1,"featured_media":0,"parent":0,"menu_order":0,"comment_status":"closed","ping_status":"closed","template":"","meta":{"om_disable_all_campaigns":false,"_monsterinsights_skip_tracking":false,"_monsterinsights_sitenote_active":false,"_monsterinsights_sitenote_note":"","_monsterinsights_sitenote_category":0,"footnotes":""},"categories":[],"tags":[],"_links":{"self":[{"href":"https:\/\/aengineering.lv\/lv\/wp-json\/wp\/v2\/pages\/382"}],"collection":[{"href":"https:\/\/aengineering.lv\/lv\/wp-json\/wp\/v2\/pages"}],"about":[{"href":"https:\/\/aengineering.lv\/lv\/wp-json\/wp\/v2\/types\/page"}],"author":[{"embeddable":true,"href":"https:\/\/aengineering.lv\/lv\/wp-json\/wp\/v2\/users\/1"}],"replies":[{"embeddable":true,"href":"https:\/\/aengineering.lv\/lv\/wp-json\/wp\/v2\/comments?post=382"}],"version-history":[{"count":5,"href":"https:\/\/aengineering.lv\/lv\/wp-json\/wp\/v2\/pages\/382\/revisions"}],"predecessor-version":[{"id":497,"href":"https:\/\/aengineering.lv\/lv\/wp-json\/wp\/v2\/pages\/382\/revisions\/497"}],"wp:attachment":[{"href":"https:\/\/aengineering.lv\/lv\/wp-json\/wp\/v2\/media?parent=382"}],"wp:term":[{"taxonomy":"category","embeddable":true,"href":"https:\/\/aengineering.lv\/lv\/wp-json\/wp\/v2\/categories?post=382"},{"taxonomy":"post_tag","embeddable":true,"href":"https:\/\/aengineering.lv\/lv\/wp-json\/wp\/v2\/tags?post=382"}],"curies":[{"name":"wp","href":"https:\/\/api.w.org\/{rel}","templated":true}]}}