{"id":387,"date":"2024-10-20T07:13:14","date_gmt":"2024-10-20T07:13:14","guid":{"rendered":"https:\/\/aengineering.lv\/?page_id=387"},"modified":"2024-11-07T23:50:35","modified_gmt":"2024-11-07T23:50:35","slug":"anti-bribery-policy","status":"publish","type":"page","link":"https:\/\/aengineering.lv\/lv\/anti-bribery-policy\/","title":{"rendered":"PRIEK\u0160KUKU\u013bO\u0160ANAS POLITIKA"},"content":{"rendered":"\n<div class=\"wp-block-pdf-viewer-block-standard\" style=\"text-align:left\"><div class=\"uploaded-pdf\"><a href=\"https:\/\/aengineering.lv\/wp-content\/uploads\/2024\/10\/AUTENG_AE-CS-02_ANTI-BRIBERY_POLICY.pdf\" data-width=\"\" data-height=\"\"><\/a><\/div><\/div>\n","protected":false},"excerpt":{"rendered":"","protected":false},"author":1,"featured_media":0,"parent":0,"menu_order":0,"comment_status":"closed","ping_status":"closed","template":"","meta":{"om_disable_all_campaigns":false,"_monsterinsights_skip_tracking":false,"_monsterinsights_sitenote_active":false,"_monsterinsights_sitenote_note":"","_monsterinsights_sitenote_category":0,"footnotes":""},"categories":[],"tags":[],"_links":{"self":[{"href":"https:\/\/aengineering.lv\/lv\/wp-json\/wp\/v2\/pages\/387"}],"collection":[{"href":"https:\/\/aengineering.lv\/lv\/wp-json\/wp\/v2\/pages"}],"about":[{"href":"https:\/\/aengineering.lv\/lv\/wp-json\/wp\/v2\/types\/page"}],"author":[{"embeddable":true,"href":"https:\/\/aengineering.lv\/lv\/wp-json\/wp\/v2\/users\/1"}],"replies":[{"embeddable":true,"href":"https:\/\/aengineering.lv\/lv\/wp-json\/wp\/v2\/comments?post=387"}],"version-history":[{"count":2,"href":"https:\/\/aengineering.lv\/lv\/wp-json\/wp\/v2\/pages\/387\/revisions"}],"predecessor-version":[{"id":480,"href":"https:\/\/aengineering.lv\/lv\/wp-json\/wp\/v2\/pages\/387\/revisions\/480"}],"wp:attachment":[{"href":"https:\/\/aengineering.lv\/lv\/wp-json\/wp\/v2\/media?parent=387"}],"wp:term":[{"taxonomy":"category","embeddable":true,"href":"https:\/\/aengineering.lv\/lv\/wp-json\/wp\/v2\/categories?post=387"},{"taxonomy":"post_tag","embeddable":true,"href":"https:\/\/aengineering.lv\/lv\/wp-json\/wp\/v2\/tags?post=387"}],"curies":[{"name":"wp","href":"https:\/\/api.w.org\/{rel}","templated":true}]}}