{"id":397,"date":"2024-11-03T13:11:12","date_gmt":"2024-11-03T13:11:12","guid":{"rendered":"https:\/\/aengineering.lv\/?page_id=397"},"modified":"2024-12-07T21:09:36","modified_gmt":"2024-12-07T21:09:36","slug":"about-us","status":"publish","type":"page","link":"https:\/\/aengineering.lv\/lv\/about-us\/","title":{"rendered":"Par mums"},"content":{"rendered":"<h2 class=\"has-text-align-center has-link-color has-text-color has-black-color wp-block-post-title wp-elements-46fee026a1d904e28ebea9cbd35a9c69\">Par mums<\/h2>\n\n\n<p class=\"has-black-color has-text-color has-link-color wp-elements-79cdf1e86aeff0c19aa821246226f185\">SIA Automation Engineering ir priv\u0101ta sabiedr\u012bba ar ierobe\u017eotu atbild\u012bbu, kas dibin\u0101ta 2016.\u00a0gad\u0101 k\u0101 in\u017eeniertehnisko konsult\u0101ciju pakalpojumu sniedz\u0113js, kura darb\u012bbas virziens ir elektrotehnika, vad\u012bbas un sist\u0113mu in\u017eenierija.<\/p>\n\n\n\n<p class=\"has-black-color has-text-color has-link-color wp-elements-0afa27ead315cf28fe9aa0781a86c6cc\"><strong>Uz\u0146\u0113mums sniedz profesion\u0101lus pakalpojumus \u0161\u0101d\u0101s nozar\u0113s:<\/strong><\/p>\n\n\n\n<ul class=\"has-black-color has-text-color has-link-color wp-elements-85e07ec4cf0217c88f3cfc5f50ec5b74\">\n<li>Ener\u0123ija (elektroener\u0123ijas ra\u017eo\u0161ana, p\u0101rvade un sadale, g\u0101ze, centraliz\u0113t\u0101 apkure);<\/li>\n\n\n\n<li>\u016adens un notek\u016bde\u0146i;<\/li>\n\n\n\n<li>Transports (dzelzce\u013c\u0161, sabiedriskais transports).<\/li>\n<\/ul>\n\n\n\n<p class=\"has-black-color has-text-color has-link-color wp-elements-2ca3b8f094ebae84bd308ded85ccc0b2\">M\u016bsu ekspertiem ir daudzu gadu pieredze konsult\u0101cij\u0101s, projekt\u0113\u0161an\u0101 un projektu vad\u012bb\u0101 visda\u017e\u0101d\u0101kajos projektos vis\u0101 Baltij\u0101 un pasaul\u0113. Turkl\u0101t mums ir da\u017e\u0101das zin\u0101\u0161anas par elektrisko un automatiz\u0101cijas in\u017eeniertehnisko risin\u0101jumu izstr\u0101di uz\u0146\u0113mumiem, s\u0101kot no maziem priv\u0101tiem jaunizveidotiem uz\u0146\u0113mumiem l\u012bdz vald\u012bbai piedero\u0161iem komun\u0101lajiem uz\u0146\u0113mumiem un daudznacion\u0101liem korporat\u012bvajiem nozares l\u012bderiem. Tas \u013cauj m\u016bsu speci\u0101listiem nodro\u0161in\u0101t sav\u0101 klas\u0113 lab\u0101kos risin\u0101jumus katram m\u016bsu klientam.<\/p>\n\n\n\n<p class=\"has-black-color has-text-color has-link-color wp-elements-10072a735c3293c9d19fb157f9def247\"><strong>Pakalpojumu kl\u0101st\u0101 ietilpst:<\/strong><\/p>\n\n\n\n<ul class=\"has-black-color has-text-color has-link-color wp-elements-05fcee74ab376f8cabeba14225124387\">\n<li>Konceptu\u0101lu risin\u0101jumu projekt\u0113\u0161ana;<\/li>\n\n\n\n<li>Projektu att\u012bst\u012bbas pl\u0101nu sagatavo\u0161ana;<\/li>\n\n\n\n<li>Priek\u0161izp\u0113te;<\/li>\n\n\n\n<li>Iepirkuma dokument\u0101cijas sagatavo\u0161ana un atbalsts iepirkumos;<\/li>\n\n\n\n<li>Projektu vad\u012bbas konsult\u0101cijas (FIDIC, PB (IBRD), ADB, ERAB l\u012bgumi; projekt\u0113\u0161ana, projekt\u0113\u0161ana-b\u016bve, pabeigti projekti);<\/li>\n\n\n\n<li>Speci\u0101lu vai augstas sare\u017e\u0123\u012bt\u012bbas elektroapg\u0101des sist\u0113mu elektrotehnika;<\/li>\n\n\n\n<li>Sist\u0113mu, telekomunik\u0101ciju un vad\u012bbas iek\u0101rtu in\u017eenierija (SCADA, DCS, datu p\u0101rraide, t\u012bkla p\u0101rvald\u012bba utt.).<\/li>\n<\/ul>\n\n\n\n<p class=\"has-black-color has-text-color has-link-color wp-elements-866cd7ab1031b8e59f8e9ca7ec9d7e3a\"><strong>\u012apa\u0161i vad\u012bbas sist\u0113m\u0101m m\u0113s pied\u0101v\u0101jam \u0161\u0101dus papildu pakalpojumus:<\/strong><\/p>\n\n\n\n<ul class=\"has-black-color has-text-color has-link-color wp-elements-6a729da678f85742718935c6f1dbcfee\">\n<li>eso\u0161o automatiz\u0101cijas un vad\u012bbas sist\u0113mu p\u0101rbaude un tehniskie auditi;<\/li>\n\n\n\n<li>automatiz\u0101cijas un kontroles sist\u0113m\u0101s ietverto risku nov\u0113rt\u0113\u0161ana, risku mazin\u0101\u0161anas pl\u0101no\u0161ana;<\/li>\n\n\n\n<li>programmat\u016bras specifik\u0101ciju un funkcion\u0101lo aprakstu sagatavo\u0161ana;<\/li>\n\n\n\n<li>PLC, DCS un SCADA aplik\u0101ciju izstr\u0101de uz da\u017e\u0101d\u0101m platform\u0101m (Siemens, ABB, Schneider Electric uc);<\/li>\n<\/ul>\n","protected":false},"excerpt":{"rendered":"<p>SIA Automation Engineering ir priv\u0101ta sabiedr\u012bba ar ierobe\u017eotu atbild\u012bbu, kas dibin\u0101ta 2016.\u00a0gad\u0101 k\u0101 in\u017eeniertehnisko konsult\u0101ciju pakalpojumu sniedz\u0113js, kura darb\u012bbas virziens ir elektrotehnika, vad\u012bbas un sist\u0113mu in\u017eenierija. Uz\u0146\u0113mums sniedz profesion\u0101lus pakalpojumus \u0161\u0101d\u0101s nozar\u0113s: M\u016bsu ekspertiem ir daudzu gadu pieredze konsult\u0101cij\u0101s, projekt\u0113\u0161an\u0101 un projektu vad\u012bb\u0101 visda\u017e\u0101d\u0101kajos projektos vis\u0101 Baltij\u0101 un pasaul\u0113. Turkl\u0101t mums ir da\u017e\u0101das zin\u0101\u0161anas par [&hellip;]<\/p>\n","protected":false},"author":1,"featured_media":0,"parent":0,"menu_order":0,"comment_status":"closed","ping_status":"closed","template":"","meta":{"om_disable_all_campaigns":false,"_monsterinsights_skip_tracking":false,"_monsterinsights_sitenote_active":false,"_monsterinsights_sitenote_note":"","_monsterinsights_sitenote_category":0,"footnotes":""},"categories":[],"tags":[],"_links":{"self":[{"href":"https:\/\/aengineering.lv\/lv\/wp-json\/wp\/v2\/pages\/397"}],"collection":[{"href":"https:\/\/aengineering.lv\/lv\/wp-json\/wp\/v2\/pages"}],"about":[{"href":"https:\/\/aengineering.lv\/lv\/wp-json\/wp\/v2\/types\/page"}],"author":[{"embeddable":true,"href":"https:\/\/aengineering.lv\/lv\/wp-json\/wp\/v2\/users\/1"}],"replies":[{"embeddable":true,"href":"https:\/\/aengineering.lv\/lv\/wp-json\/wp\/v2\/comments?post=397"}],"version-history":[{"count":8,"href":"https:\/\/aengineering.lv\/lv\/wp-json\/wp\/v2\/pages\/397\/revisions"}],"predecessor-version":[{"id":636,"href":"https:\/\/aengineering.lv\/lv\/wp-json\/wp\/v2\/pages\/397\/revisions\/636"}],"wp:attachment":[{"href":"https:\/\/aengineering.lv\/lv\/wp-json\/wp\/v2\/media?parent=397"}],"wp:term":[{"taxonomy":"category","embeddable":true,"href":"https:\/\/aengineering.lv\/lv\/wp-json\/wp\/v2\/categories?post=397"},{"taxonomy":"post_tag","embeddable":true,"href":"https:\/\/aengineering.lv\/lv\/wp-json\/wp\/v2\/tags?post=397"}],"curies":[{"name":"wp","href":"https:\/\/api.w.org\/{rel}","templated":true}]}}