{"id":421,"date":"2024-11-03T13:34:10","date_gmt":"2024-11-03T13:34:10","guid":{"rendered":"https:\/\/aengineering.lv\/?page_id=421"},"modified":"2024-12-26T15:50:08","modified_gmt":"2024-12-26T15:50:08","slug":"services","status":"publish","type":"page","link":"https:\/\/aengineering.lv\/lv\/services\/","title":{"rendered":"Pakalpojumi"},"content":{"rendered":"\n<style>\n\t.services__sections-list {\n\t\tdisplay: -webkit-box;\n\t\tdisplay: -ms-flexbox;\n\t\tdisplay: flex;\n\t\t-webkit-box-pack: justify;\n\t\t-ms-flex-pack: justify;\n\t\tjustify-content: space-between;\n\t\t-webkit-box-align: stretch;\n\t\t-ms-flex-align: stretch;\n\t\talign-items: stretch;\n\t\tmargin-bottom: 4.8rem;\n\t}\n\t.services__section-wrapper {\n\t\twidth: 50%;\n\t\tdisplay: -webkit-box;\n\t\tdisplay: -ms-flexbox;\n\t\tdisplay: flex;\n\t\t-webkit-box-orient: vertical;\n\t\t-webkit-box-direction: normal;\n\t\t-ms-flex-direction: column;\n\t\tflex-direction: column;\n\t\tmargin-right: 10px;\n\t\tmargin-left: 10px;\n\t}\n\t.services__section-title {\n\t\theight: 5rem;\n\t\tbackground: #003366;\n\t\tpadding: 0 1.1rem;\n\t\tdisplay: -webkit-box;\n\t\tdisplay: -ms-flexbox;\n\t\tdisplay: flex;\n\t\t-webkit-box-pack: justify;\n\t\t-ms-flex-pack: justify;\n\t\tjustify-content: space-between;\n\t\t-webkit-box-align: center;\n\t\t-ms-flex-align: center;\n\t\talign-items: center;\n\t}\n\t.services__section-title {\n\t\theight: 7.6rem;\n\t\t-webkit-box-pack: center;\n\t\t-ms-flex-pack: center;\n\t\tjustify-content: center;\n\t\tmargin-bottom: 0;\n\t}\n\t.services__section-link {\n\t\tfont-size: 2rem;\n\t\tline-height: 5rem;\n\t\tcolor: #fff;\n\t\ttext-decoration: none;\n\t}\n\t.services__section-link:hover {\n\t\tfont-size: 2rem;\n\t\tline-height: 5rem;\n\t\tcolor: #fff;\n\t\ttext-decoration: none;\n\t}\n\t.services__section-link {\n\t\tfont-size: 2.4rem;\n\t}\n\t.services__list {\n\t\tpadding: 1.4rem 1rem;\n\t\tbackground: #f3f3f3;\n\t\tlist-style: none;\n\t\tmargin-top: 0;\n\t}\n\t.services__list {\n\t\tmin-height: 350px;\n\t\t-webkit-box-flex: 1;\n\t\t-ms-flex: 1;\n\t\tflex: 1;\n\t\tpadding: 2.6rem 1rem 3.3rem 3rem;\n\t\tmargin-left: 0;\n\t}\n\t.services__item-link {\n\t\tfont-size: 1.4rem;\n\t\tline-height: 1.38;\n\t\tcolor: #00457c;\n\t\ttext-decoration: none;\n\t\tdisplay: -webkit-box;\n\t\tdisplay: -ms-flexbox;\n\t\tdisplay: flex;\n\t}\n\t.services__item + .services__item {\n\t\tmargin-top: 1.6rem;\n\t}\n\t@media screen and ( max-width: 782px ) {\n\t\t.services__list {\n\t\t\tpadding: 2.6rem 1rem 1rem 2rem;\n\t\t}\n\t\t.services__section-link {\n\t\t\tfont-size: 1.4rem;\n\t\t}\n\t\t.services__item-link {\n\t\t\tfont-size: 1.0rem;\n\t\t}\n\t}\n<\/style>\n<div class=\"services__sections-list\">\n\t<div class=\"services__section-wrapper\">\n\t\t<h2 class=\"services__section-title\"><a href=\"#\" class=\"services__section-link\">PROJEKT\u0112\u0160ANA<\/a><\/h2>\n\t\t<ul class=\"services__list\">\n\t\t\t<li class=\"services__item\"><a href=\"\/?p=708&#038;lang=lv\" class=\"services__item-link\">Specializ\u0113tu vai augstas sare\u017e\u0123\u012bt\u012bbas pak\u0101pes  elektroapg\u0101des sist\u0113mu projekt\u0113\u0161ana<\/a><\/li>\n\t\t\t<li class=\"services__item\"><a href=\"\/?p=710&#038;lang=lv\" class=\"services__item-link\">Sakaru sist\u0113mu un vad\u012bbas sist\u0113mu projekt\u0113\u0161ana, sist\u0113mu in\u017eenierija<\/a><\/li>\n\t\t\t<li class=\"services__item\"><a href=\"\/?p=712&#038;lang=lv\" class=\"services__item-link\">Programmat\u016bras pras\u012bbu specifik\u0101ciju un funkcion\u0101lo aprakstu sagatavo\u0161ana<\/a><\/li>\n\t\t<\/ul>\n\t<\/div>\n\t<div class=\"services__section-wrapper\">\n\t\t<h2 class=\"services__section-title\"><a href=\"#\" class=\"services__section-link\">KONSULT\u0100CIJAS<\/a><\/h2>\n\t\t<ul class=\"services__list\">\n\t\t\t<li class=\"services__item\"><a href=\"\/?p=716&#038;lang=lv\" class=\"services__item-link\">Priek\u0161izp\u0113te<\/a><\/li>\n\t\t\t<li class=\"services__item\"><a href=\"\/?p=714&#038;lang=lv\" class=\"services__item-link\">Konceptu\u0101lo risin\u0101jumu un projektu att\u012bst\u012bbas pl\u0101nu sagatavo\u0161ana<\/a><\/li>\n\t\t\t<li class=\"services__item\"><a href=\"\/?p=718&#038;lang=lv\" class=\"services__item-link\">Iepirkuma dokument\u0101cijas sagatavo\u0161ana un atbalsts iepirkumos<\/a><\/li>\n\t\t\t<li class=\"services__item\"><a href=\"\/?p=720&#038;lang=lv\" class=\"services__item-link\">Projektu vad\u012bbas konsult\u0101cijas<\/a><\/li>\n\t\t\t<li class=\"services__item\"><a href=\"\/?p=722&#038;lang=lv\" class=\"services__item-link\">FIDIC in\u017eeniera pakalpojumi<\/a><\/li>\n\t\t<\/ul>\n\t<\/div>\n<\/div>\n","protected":false},"excerpt":{"rendered":"<p>PROJEKT\u0112\u0160ANA Specializ\u0113tu vai augstas sare\u017e\u0123\u012bt\u012bbas pak\u0101pes elektroapg\u0101des sist\u0113mu projekt\u0113\u0161ana Sakaru sist\u0113mu un vad\u012bbas sist\u0113mu projekt\u0113\u0161ana, sist\u0113mu in\u017eenierija Programmat\u016bras pras\u012bbu specifik\u0101ciju un funkcion\u0101lo aprakstu sagatavo\u0161ana KONSULT\u0100CIJAS Priek\u0161izp\u0113te Konceptu\u0101lo risin\u0101jumu un projektu att\u012bst\u012bbas pl\u0101nu sagatavo\u0161ana Iepirkuma dokument\u0101cijas sagatavo\u0161ana un atbalsts iepirkumos Projektu vad\u012bbas konsult\u0101cijas FIDIC in\u017eeniera pakalpojumi<\/p>\n","protected":false},"author":1,"featured_media":0,"parent":0,"menu_order":0,"comment_status":"closed","ping_status":"closed","template":"","meta":{"om_disable_all_campaigns":false,"_monsterinsights_skip_tracking":false,"_monsterinsights_sitenote_active":false,"_monsterinsights_sitenote_note":"","_monsterinsights_sitenote_category":0,"footnotes":""},"categories":[],"tags":[],"_links":{"self":[{"href":"https:\/\/aengineering.lv\/lv\/wp-json\/wp\/v2\/pages\/421"}],"collection":[{"href":"https:\/\/aengineering.lv\/lv\/wp-json\/wp\/v2\/pages"}],"about":[{"href":"https:\/\/aengineering.lv\/lv\/wp-json\/wp\/v2\/types\/page"}],"author":[{"embeddable":true,"href":"https:\/\/aengineering.lv\/lv\/wp-json\/wp\/v2\/users\/1"}],"replies":[{"embeddable":true,"href":"https:\/\/aengineering.lv\/lv\/wp-json\/wp\/v2\/comments?post=421"}],"version-history":[{"count":48,"href":"https:\/\/aengineering.lv\/lv\/wp-json\/wp\/v2\/pages\/421\/revisions"}],"predecessor-version":[{"id":957,"href":"https:\/\/aengineering.lv\/lv\/wp-json\/wp\/v2\/pages\/421\/revisions\/957"}],"wp:attachment":[{"href":"https:\/\/aengineering.lv\/lv\/wp-json\/wp\/v2\/media?parent=421"}],"wp:term":[{"taxonomy":"category","embeddable":true,"href":"https:\/\/aengineering.lv\/lv\/wp-json\/wp\/v2\/categories?post=421"},{"taxonomy":"post_tag","embeddable":true,"href":"https:\/\/aengineering.lv\/lv\/wp-json\/wp\/v2\/tags?post=421"}],"curies":[{"name":"wp","href":"https:\/\/api.w.org\/{rel}","templated":true}]}}