{"id":437,"date":"2024-11-03T13:41:49","date_gmt":"2024-11-03T13:41:49","guid":{"rendered":"https:\/\/aengineering.lv\/?page_id=437"},"modified":"2024-12-28T14:14:16","modified_gmt":"2024-12-28T14:14:16","slug":"contact-us","status":"publish","type":"page","link":"https:\/\/aengineering.lv\/lv\/contact-us\/","title":{"rendered":"Sazinieties ar mums"},"content":{"rendered":"<h2 class=\"has-text-align-center has-link-color has-text-color has-black-color wp-block-post-title wp-elements-46fee026a1d904e28ebea9cbd35a9c69\">Sazinieties ar mums<\/h2>\n\n\n<style>\n.contactsBlock {\n  margin-top: 35px;\n  padding: 35px 0;\n  display: inline-block;\n  width: 100%;\n  font-size: 16px;\n  font-family: 'Montserrat', serif;\n  color: #000;\n}\n.contactsBlock .table {\n  display: flex;\n  justify-content: space-between;\n  flex-direction: row;\n}\n.contactsBlock .table-cell {\n  width: 30%;\n  display: flex;\n  flex-direction: row;\n  justify-content: start;\n  margin-right: auto;\n  margin-left: auto;\n}\n.contactsBlock .table-cell .img {\n  width: 128px;\n  height: 128px;\n  display: block;\n  margin-right: 20px;\n}\n.contactsBlock .contactName {\n  font-weight: 600;\n  width: 100%;\n  display: inline-block;\n  margin-top: 15px;\n  margin-bottom: 0px;\n  font-size: 20px;\n  line-height: 27px;\n  color:black;\n}\n.contactsBlock .contactP {\n  margin-top:0px;\n  margin-bottom:5px;\n  color:black;\n}\n.contactsBlock .contactPhone,\n.contactsBlock .contactEmail {\n  width: 100%;\n  display: flex;\n  position: relative;\n  font-size: 12px;\n  line-height: 16px;\n  flex-direction: row;\n  margin-top:5px;\n  margin-bottom:5px;\n  color:black;\n}\n.contactsBlock .contactEmail a {\n  color:black;\n}\n.contactsBlock .contactPhone:before {\n    content: \"\";\n    background: url(\/phone-icon.svg) no-repeat;\n    width: 16px;\n    height: 16px;\n    top: 4px;\n    display: inline-block;\n    position: relative;\n    margin-right: 9px;\n}\n.contactsBlock .contactEmail:before {\n    content: \"\";\n    background: url(\/mail-icon.svg) no-repeat;\n    width: 18px;\n    height: 13px;\n    top: 5px;\n    display: inline-block;\n    position: relative;\n    margin-right: 4px;\n}\n<\/style>\n<div class=\"contactsBlock\">\n\t<div class=\"table\">\n\t\t<div class=\"table-cell\">\n\t\t\t<div class=\"img\">\n\t\t\t<img loading=\"lazy\" decoding=\"async\" src=\"\/wp-content\/uploads\/2018\/04\/DmitrijsKilups.png\" alt=\"Dmitrijs Kilups\" width=\"128\" height=\"128\">\n\t\t\t<\/div>\n\t\t\t<div class=\"card\">\n\t\t\t\t<p class=\"contactName\">Dmitrijs Kilups<\/p>\n\t\t\t\t<p class=\"contactP\">Valdes loceklis<\/p>\n\t\t\t\t<p class=\"contactPhone\">+371 28661277<\/p>\n\t\t\t\t<p class=\"contactEmail\" data-email=\"info@aengineering.lv\"><a href=\"mailto:info@aengineering.lv\" title=\"info@aengineering.lv\">info@aengineering.lv<\/a><\/p>\n\t\t\t <\/div>\n\t\t<\/div>\n\t<\/div>\n<\/div>\n\n\n\n<iframe src=\"https:\/\/www.google.com\/maps\/embed?pb=!1m18!1m12!1m3!1d2176.844227289026!2d24.00637507717924!3d56.94489709954799!2m3!1f0!2f0!3f0!3m2!1i1024!2i768!4f13.1!3m3!1m2!1s0x46eedabc62051cf7%3A0x640c1e73031c014d!2sGramzdas%20iela%2017%2C%20Zemgales%20priek%C5%A1pils%C4%93ta%2C%20R%C4%ABga%2C%20LV-1029!5e0!3m2!1slv!2slv!4v1735292114017!5m2!1slv!2slv\" width=\"600\" height=\"450\" style=\"border:0;width: 50%;\n    display: inline-block;\n    float: left;\" allowfullscreen=\"\" loading=\"lazy\" referrerpolicy=\"no-referrer-when-downgrade\"><\/iframe>\n\n\n\n<div class=\"table-cell contacts\" id=\"kontakti\">\n\t<style>\n\t\t#kontakti {\n\t\t\twidth: 50%;\n\t\t\tfloat: right;\n\t\t\tpadding-left: 30px;\n                        font-family: 'Montserrat', serif;\n\t\t}\n                #kontakti p, #kontakti a {color: #000;}\n\t\t.footerCompany {\n\t\t  font-weight: 600;\n\t\t  font-size: 20px;\n\t\t  line-height: 27px;\n\t\t  margin-bottom: 15px;\n\t\t  color: rgb(30,52,93);\n\t\t}\n\t\t.footerAddressLabel {\n\t\t  font-weight: 600;\n\t\t  margin-bottom: 3px;\n\t\t}\n\t\t.footerAddress {\n\t\t  display: flex;\n\t\t  flex-direction: row;\n\t\t  justify-content: space-between;\n\t\t  position: relative;\n\t\t  width: 70%;\n\t\t  padding-left: 25px;\n                  margin: 0;\n\t\t}\n\t\t.table-cell .footerPhone {\n\t\t  position: relative;\n\t\t  display: flex;\n\t\t  flex-direction: row;\n\t\t  justify-content: space-between;\n\t\t  padding-left: 25px;\n\t\t  margin: 8px 0 0 0;\n\t\t}\n\t\t.footerCompanyDetails {\n\t\t  margin-top: 15px;\n\t\t}\n\t\t.footerAddress::before {\n\t\t  content: \"\";\n\t\t  background: url(\/pin-icon.svg?v=3) no-repeat;\n\t\t  width: 16px;\n\t\t  height: 20px;\n\t\t  position: absolute;\n\t\t  left: 0;\n\t\t  top: 7px;\n\t\t}\n\t\t.table-cell .footerPhone a::before {\n\t\t  content: \"\";\n\t\t  background: url(\/phone-icon.svg?v=3) no-repeat;\n\t\t\tbackground-size: auto;\n\t\t  width: 20px;\n\t\t  height: 20px;\n\t\t  position: absolute;\n\t\t  left: 0;\n\t\t  top: 1px;\n\t\t  background-size: 20px;\n\t\t}\n\t\t.wpcf7 {\n\t\t\tmargin-top:50px !important;\n\t\t}\n                .footerCompanyDetails p {margin: 4px 0 0 0;}\n\t\t@media screen and ( max-width: 782px ) {\n\t\t\t.open-user-map {\n\t\t\t\twidth: 90% !important;\n\t\t\t\tdisplay: block;\n\t\t\t\tmargin-left: 5%;\n\t\t\t\tmargin-right: 5%;\n\t\t\t\tmargin-bottom: 50px;\n\t\t\t}\n\t\t\t#kontakti {\n\t\t\t\twidth: 80%;\n\t\t\t\tfloat: unset;\n\t\t\t\tmargin-left: auto;\n\t\t\t\tmargin-right: auto;\n\t\t\t\tpadding-left: 0;\n\t\t\t\tmargin-top:50px;\n\t\t\t}\n\t\t\t.wpcf7 {\n\t\t\t\twidth: 80% !important;\n\t\t\t\tdisplay: block !important;\n\t\t\t\tmargin-left: auto !important;\n\t\t\t\tmargin-right: auto !important;\n\t\t\t\tpadding-left: 0 !important;\n\t\t\t\tmargin-top:50px !important;\n\t\t\t}\n\t\t\t.wpcf7 input,\n\t\t\t.wpcf7 textarea\n\t\t\t{\n\t\t\t\tmax-width: 100%;\n\t\t\t}\n\t\t}\n\t<\/style>\n\t<p class=\"footerCompany\">&#8220;Automation Engineering&#8221; SIA<\/p>\n\t<p class=\"footerAddressLabel\">Juridiska adrese:<\/p>\n\t<p class=\"footerAddress\">Gramzdas iela 17-91, R\u012bga, LV-1029, Latvija<\/p>\n\t<p class=\"footerPhone\">\n\t\t<a href=\"tel:+371 28 66 12 77\" title=\"+371 28 66 12 77\">+371 28 66 12 77<\/a>\n\t<\/p><br \/>\n\t<div class=\"footerCompanyDetails\">\n\t\t<p><strong>Rekviz\u012bti:<br><\/strong><\/p>\n\t\t<p><strong>PVN Re\u0123.nr: <\/strong>LV40103977587<\/p>\n\t\t<p><strong>Vien. Re\u0123.nr: <\/strong>40103977587<\/p>\n\t\t<p><strong>B\u016bvkomersanta Re\u0123.nr: <\/strong>12953<\/p><br \/>\n\t\t<p><strong>Nor\u0113\u0137inu rekviz\u012bti:<br><\/strong><\/p>\n\t\t<p><strong>Banka: <\/strong>AS Swedbank<\/p>\n\t\t<p><strong>SWIFT: <\/strong>HABALV22<\/p>\n\t\t<p><strong>Konts: <\/strong>LV71HABA0551041441601<strong><br><\/strong><\/p>\n\t<\/div>\n<\/div>\n\n\n\n<div style=\"clear:both\"><\/div>\n\n\n<div role=\"form\" class=\"wpcf7\" id=\"wpcf7-f17-o1\" lang=\"en-US\" dir=\"ltr\">\n<div class=\"screen-reader-response\"><\/div>\n<form action=\"\/lv\/wp-json\/wp\/v2\/pages\/437#wpcf7-f17-o1\" method=\"post\" class=\"wpcf7-form\" novalidate=\"novalidate\">\n<div style=\"display: none;\">\n<input type=\"hidden\" name=\"_wpcf7\" value=\"17\" \/>\n<input type=\"hidden\" name=\"_wpcf7_version\" value=\"5.0.1\" \/>\n<input type=\"hidden\" name=\"_wpcf7_locale\" value=\"en_US\" \/>\n<input type=\"hidden\" name=\"_wpcf7_unit_tag\" value=\"wpcf7-f17-o1\" \/>\n<input type=\"hidden\" name=\"_wpcf7_container_post\" value=\"0\" \/>\n<input type=\"hidden\" name=\"lang\" value=\"lv\" \/>\n<\/div>\n<p><label> J\u016bsu v\u0101rds (oblig\u0101ti)<br \/>\n    <span class=\"wpcf7-form-control-wrap your-name\"><input type=\"text\" name=\"your-name\" value=\"\" size=\"40\" class=\"wpcf7-form-control wpcf7-text wpcf7-validates-as-required\" aria-required=\"true\" aria-invalid=\"false\" \/><\/span> <\/label><\/p>\n<p><label> J\u016bsu e-pasts (oblig\u0101ts)<br \/>\n    <span class=\"wpcf7-form-control-wrap your-email\"><input type=\"email\" name=\"your-email\" value=\"\" size=\"40\" class=\"wpcf7-form-control wpcf7-text wpcf7-email wpcf7-validates-as-required wpcf7-validates-as-email\" aria-required=\"true\" aria-invalid=\"false\" \/><\/span> <\/label><\/p>\n<p><label> Priek\u0161mets<br \/>\n    <span class=\"wpcf7-form-control-wrap your-subject\"><input type=\"text\" name=\"your-subject\" value=\"\" size=\"40\" class=\"wpcf7-form-control wpcf7-text\" aria-invalid=\"false\" \/><\/span> <\/label><\/p>\n<p><label> J\u016bsu Zi\u0146a<br \/>\n    <span class=\"wpcf7-form-control-wrap your-message\"><textarea name=\"your-message\" cols=\"40\" rows=\"10\" class=\"wpcf7-form-control wpcf7-textarea\" aria-invalid=\"false\"><\/textarea><\/span> <\/label><\/p>\n<p><input type=\"submit\" value=\"S\u016bt\u012bt\" class=\"wpcf7-form-control wpcf7-submit\" \/><\/p>\n<div class=\"wpcf7-response-output wpcf7-display-none\"><\/div><\/form><\/div>\n","protected":false},"excerpt":{"rendered":"<p>Dmitrijs Kilups Valdes loceklis +371 28661277 info@aengineering.lv &#8220;Automation Engineering&#8221; SIA Juridiska adrese: Gramzdas iela 17-91, R\u012bga, LV-1029, Latvija +371 28 66 12 77 Rekviz\u012bti: PVN Re\u0123.nr: LV40103977587 Vien. Re\u0123.nr: 40103977587 B\u016bvkomersanta Re\u0123.nr: 12953 Nor\u0113\u0137inu rekviz\u012bti: Banka: AS Swedbank SWIFT: HABALV22 Konts: LV71HABA0551041441601<\/p>\n","protected":false},"author":1,"featured_media":0,"parent":0,"menu_order":0,"comment_status":"closed","ping_status":"closed","template":"","meta":{"om_disable_all_campaigns":false,"_monsterinsights_skip_tracking":false,"_monsterinsights_sitenote_active":false,"_monsterinsights_sitenote_note":"","_monsterinsights_sitenote_category":0,"footnotes":""},"categories":[],"tags":[],"_links":{"self":[{"href":"https:\/\/aengineering.lv\/lv\/wp-json\/wp\/v2\/pages\/437"}],"collection":[{"href":"https:\/\/aengineering.lv\/lv\/wp-json\/wp\/v2\/pages"}],"about":[{"href":"https:\/\/aengineering.lv\/lv\/wp-json\/wp\/v2\/types\/page"}],"author":[{"embeddable":true,"href":"https:\/\/aengineering.lv\/lv\/wp-json\/wp\/v2\/users\/1"}],"replies":[{"embeddable":true,"href":"https:\/\/aengineering.lv\/lv\/wp-json\/wp\/v2\/comments?post=437"}],"version-history":[{"count":106,"href":"https:\/\/aengineering.lv\/lv\/wp-json\/wp\/v2\/pages\/437\/revisions"}],"predecessor-version":[{"id":991,"href":"https:\/\/aengineering.lv\/lv\/wp-json\/wp\/v2\/pages\/437\/revisions\/991"}],"wp:attachment":[{"href":"https:\/\/aengineering.lv\/lv\/wp-json\/wp\/v2\/media?parent=437"}],"wp:term":[{"taxonomy":"category","embeddable":true,"href":"https:\/\/aengineering.lv\/lv\/wp-json\/wp\/v2\/categories?post=437"},{"taxonomy":"post_tag","embeddable":true,"href":"https:\/\/aengineering.lv\/lv\/wp-json\/wp\/v2\/tags?post=437"}],"curies":[{"name":"wp","href":"https:\/\/api.w.org\/{rel}","templated":true}]}}