{"id":76,"date":"2018-04-06T05:12:10","date_gmt":"2018-04-06T05:12:10","guid":{"rendered":"https:\/\/aengineering.lv\/?page_id=76"},"modified":"2024-11-19T19:42:23","modified_gmt":"2024-11-19T19:42:23","slug":"faq-title-2","status":"publish","type":"page","link":"https:\/\/aengineering.lv\/lv\/faq-title-2\/","title":{"rendered":"K\u0101 es varu piepras\u012bt konsult\u0101ciju vai pied\u0101v\u0101jumu?"},"content":{"rendered":"<p>J\u016bs varat sazin\u0101ties ar mums pa e-pastu vai izmantojot kontaktformu m\u016bsu m\u0101jaslap\u0101, lai vienotos par konsult\u0101ciju vai piepras\u012btu individu\u0101lu pied\u0101v\u0101jumu.<\/p>\n","protected":false},"excerpt":{"rendered":"<p>J\u016bs varat sazin\u0101ties ar mums pa e-pastu vai izmantojot kontaktformu m\u016bsu m\u0101jaslap\u0101, lai vienotos par konsult\u0101ciju vai piepras\u012btu individu\u0101lu pied\u0101v\u0101jumu.<\/p>\n","protected":false},"author":1,"featured_media":0,"parent":0,"menu_order":0,"comment_status":"closed","ping_status":"closed","template":"","meta":{"om_disable_all_campaigns":false,"_monsterinsights_skip_tracking":false,"_monsterinsights_sitenote_active":false,"_monsterinsights_sitenote_note":"","_monsterinsights_sitenote_category":0,"footnotes":""},"categories":[],"tags":[],"_links":{"self":[{"href":"https:\/\/aengineering.lv\/lv\/wp-json\/wp\/v2\/pages\/76"}],"collection":[{"href":"https:\/\/aengineering.lv\/lv\/wp-json\/wp\/v2\/pages"}],"about":[{"href":"https:\/\/aengineering.lv\/lv\/wp-json\/wp\/v2\/types\/page"}],"author":[{"embeddable":true,"href":"https:\/\/aengineering.lv\/lv\/wp-json\/wp\/v2\/users\/1"}],"replies":[{"embeddable":true,"href":"https:\/\/aengineering.lv\/lv\/wp-json\/wp\/v2\/comments?post=76"}],"version-history":[{"count":5,"href":"https:\/\/aengineering.lv\/lv\/wp-json\/wp\/v2\/pages\/76\/revisions"}],"predecessor-version":[{"id":552,"href":"https:\/\/aengineering.lv\/lv\/wp-json\/wp\/v2\/pages\/76\/revisions\/552"}],"wp:attachment":[{"href":"https:\/\/aengineering.lv\/lv\/wp-json\/wp\/v2\/media?parent=76"}],"wp:term":[{"taxonomy":"category","embeddable":true,"href":"https:\/\/aengineering.lv\/lv\/wp-json\/wp\/v2\/categories?post=76"},{"taxonomy":"post_tag","embeddable":true,"href":"https:\/\/aengineering.lv\/lv\/wp-json\/wp\/v2\/tags?post=76"}],"curies":[{"name":"wp","href":"https:\/\/api.w.org\/{rel}","templated":true}]}}