{"id":933,"date":"2024-12-25T19:11:24","date_gmt":"2024-12-25T19:11:24","guid":{"rendered":"https:\/\/aengineering.lv\/?page_id=933"},"modified":"2024-12-25T19:28:39","modified_gmt":"2024-12-25T19:28:39","slug":"cookie-policy","status":"publish","type":"page","link":"https:\/\/aengineering.lv\/lv\/cookie-policy\/","title":{"rendered":"S\u012bkdat\u0146u politika"},"content":{"rendered":"<h2 class=\"wp-block-post-title\">S\u012bkdat\u0146u politika<\/h2>\n\n\n<p class=\"has-black-color has-text-color has-link-color wp-elements-f217a44d0c4ab84e241969abdb306776\"><strong>Kas ir s\u012bkdatnes (cookies)?<\/strong>&nbsp;<\/p>\n\n\n\n<p class=\"has-black-color has-text-color has-link-color wp-elements-cf5816863d3785fb2b839bca51262dfa\">S\u012bkdatnes jeb s\u012bkfaili \u2013 ir t\u012bmek\u013ca servera nos\u016bt\u012bta datne, kuras t\u012bmek\u013ca p\u0101rl\u016bkprogramma (Google Chrome, Internet Explorer, Firefox, Safari u.c.) saglab\u0101 t\u012bmek\u013ca lietot\u0101ja ier\u012bc\u0113: dator\u0101, viedt\u0101lrun\u012b vai plan\u0161etdator\u0101. Visbie\u017e\u0101k s\u012bkfailus izmanto lietot\u0101ju autoriz\u0113\u0161an\u0101s sist\u0113m\u0101s. Ar s\u012bkdat\u0146u pal\u012bdz\u012bbu, t\u012bmek\u013ca vietnes var nodro\u0161in\u0101t ar\u012b individualiz\u0113tus iestat\u012bjumus t\u012bmek\u013ca lietot\u0101jam.&nbsp;<\/p>\n\n\n\n<p class=\"has-black-color has-text-color has-link-color wp-elements-007ade02192e65dc5a80db6cf5d74189\"><strong>S\u012bkdatnes parasti satur \u0161\u0101du inform\u0101ciju:<\/strong>&nbsp;<\/p>\n\n\n\n<ul class=\"has-black-color has-text-color has-link-color wp-elements-145f4347800c3fe7a6d0b87582ced99a\">\n<li>t\u012bmek\u013ca vietnes nosaukumu;&nbsp;<\/li>\n<\/ul>\n\n\n\n<ul class=\"has-black-color has-text-color has-link-color wp-elements-b89791675389b477c984f3897a21aac7\">\n<li>uzglab\u0101\u0161anas ilgumu ier\u012bc\u0113;&nbsp;<\/li>\n<\/ul>\n\n\n\n<ul class=\"has-black-color has-text-color has-link-color wp-elements-01d1cb5c503da1020efcbd29a67a80e2\">\n<li>unik\u0101lo numuru.&nbsp;<\/li>\n<\/ul>\n\n\n\n<p class=\"has-black-color has-text-color has-link-color wp-elements-e58f4588b239f4baf5f0b569e637db4e\">Lietot\u0101js jebkur\u0101 br\u012bd\u012b var atsp\u0113jot s\u012bkdat\u0146u izmanto\u0161anu vai ierobe\u017eot to, ta\u010du bez s\u012bkdatn\u0113m neb\u016bs iesp\u0113jams pilnv\u0113rt\u012bgi izmantot visas www.aengineering.lv funkcijas.&nbsp;<\/p>\n\n\n\n<p class=\"has-black-color has-text-color has-link-color wp-elements-1e71dcb3a101b25fcaa793f13f6d6e3c\"><strong>K\u0101das s\u012bkdatnes izmanto www.aengineering.lv? K\u0101di ir to lieto\u0161anas m\u0113r\u0137i?<\/strong>&nbsp;<\/p>\n\n\n\n<p class=\"has-black-color has-text-color has-link-color wp-elements-9dc0182ddaa056ec62db742763aef1e9\">AUTOMATION ENGINEERING vietne izmanto vair\u0101ku veidu s\u012bkdatnes. T\u0101s at\u0161\u0137iras gan ar glab\u0101\u0161anas ilgumu, gan s\u012bkdat\u0146u izmanto\u0161anas m\u0113r\u0137i. Laika gait\u0101 s\u012bkdatnes var tikt atjaunotas un piel\u0101gotas pakalpojumu kvalit\u0101tes uzlabo\u0161anai.&nbsp;<\/p>\n\n\n\n<p class=\"has-black-color has-text-color has-link-color wp-elements-2fffabfc83d5d4f76077374355153c81\"><strong>Galvenie s\u012bkdat\u0146u lieto\u0161anas m\u0113r\u0137i ir \u0161\u0101di:<\/strong>&nbsp;<\/p>\n\n\n\n<ul class=\"has-black-color has-text-color has-link-color wp-elements-590497831c6dab834c92d6591f36b2a3\">\n<li>nodro\u0161in\u0101t un uztur\u0113t AUTOMATION ENGINEERING sniegtos pakalpojumus un to integrit\u0101ti;&nbsp;<\/li>\n<\/ul>\n\n\n\n<ul class=\"has-black-color has-text-color has-link-color wp-elements-ebd0cd300b2761f65e2b023f71e23245\">\n<li>r\u016bp\u0113ties par interneta vietnes dro\u0161\u012bbu;&nbsp;<\/li>\n<\/ul>\n\n\n\n<ul class=\"has-black-color has-text-color has-link-color wp-elements-16b736a9ea6aef5f7af73b3096fbe26a\">\n<li>iev\u0101kt lieto\u0161anas statistiku un veikt anal\u012bzi;&nbsp;<\/li>\n<\/ul>\n\n\n\n<ul class=\"has-black-color has-text-color has-link-color wp-elements-7303d9e2678323d4817beeb0093cb03d\">\n<li>izstr\u0101d\u0101t klienta vajadz\u012bb\u0101m atbilsto\u0161\u0101kos pied\u0101v\u0101jumus&nbsp;<\/li>\n<\/ul>\n\n\n\n<p class=\"has-black-color has-text-color has-link-color wp-elements-0ab5a5276770464122a4f6825abc49c3\">Ar s\u012bkdatn\u0113m saist\u012bt\u0101 inform\u0101cija netiek izmantota, lai lapas lietot\u0101ju identific\u0113tu personiski. S\u012bkdat\u0146u statistika var tikt ieg\u016bta ar\u012b no AUTOMATION ENGINEERING partneru vietn\u0113m.&nbsp;<\/p>\n\n\n\n<p class=\"has-black-color has-text-color has-link-color wp-elements-9b28c1e7c33a5a8062e37c05c33b757e\"><strong>Tre\u0161o pu\u0161u s\u012bkdatnes<\/strong>&nbsp;<\/p>\n\n\n\n<p class=\"has-black-color has-text-color has-link-color wp-elements-7ae3f1aa313d1a6e69fe6c336098cb5b\">AUTOMATION ENGINEERING t\u012bmek\u013ca vietn\u0113 var tikt izmantota tre\u0161o pu\u0161u s\u012bkdat\u0146u inform\u0101cija.&nbsp;<\/p>\n\n\n\n<p class=\"has-black-color has-text-color has-link-color wp-elements-13556d9f1a564a1ec336ef08be11c678\"><strong>\u0160\u0101dai anal\u012bzei visbie\u017e\u0101k tiek lietoti \u0161\u0101di r\u012bki:<\/strong>&nbsp;<\/p>\n\n\n\n<ul class=\"has-black-color has-text-color has-link-color wp-elements-3ba43c1c92f1ef3194afee1f31c92174\">\n<li>Google inc. r\u012bki Google Analytics, Doubleclick, Google Tag Manager un GA Audiences. Vair\u0101k par \u0161o r\u012bkiem un to priv\u0101tuma politiku var iepaz\u012bties interneta vietn\u0113s: https:\/\/policies.google.com\/privacy?hl=lv (Google Analytics priv\u0101tums) un https:\/\/www.google.com\/analytics\/terms\/gb.html. (Google Analytics noteikumi)&nbsp;<\/li>\n<\/ul>\n\n\n\n<ul class=\"has-black-color has-text-color has-link-color wp-elements-5ac3178628904ba94c561c05e4c8e6ee\">\n<li>Facebook Ireland ltd. r\u012bki Facebook Custom Audience un Facebook Connect. Vair\u0101k par \u0161\u012b r\u012bku var uzzin\u0101t https:\/\/www.facebook.com\/about\/privacy\/ update (Facebook priv\u0101tumapolitika).&nbsp;<\/li>\n<\/ul>\n\n\n\n<p class=\"has-black-color has-text-color has-link-color wp-elements-d6af50754095ed8c7d079d49eff2cf3e\"><strong>K\u0101 lietot\u0101js var izv\u0113l\u0113ties un main\u012bt s\u012bkdat\u0146u izmanto\u0161anu?<\/strong>&nbsp;<\/p>\n\n\n\n<p class=\"has-black-color has-text-color has-link-color wp-elements-1e54175306a9ef6172ef0bfaeba38c44\">Ja nev\u0113laties, lai J\u016bsu lietotaj\u0101s ier\u012bc\u0113s tiktu izmantotas s\u012bkdatnes, J\u016bs varat main\u012bt p\u0101rl\u016bkprogrammas dro\u0161\u012bbas iestat\u012bjumus. Izmai\u0146as iestat\u012bjumos j\u0101veic katrai p\u0101rl\u016bkprogrammai atsevi\u0161\u0137i. \u0145emiet v\u0113r\u0101, ka iestat\u012bjumi var at\u0161\u0137irties ne tikai at\u0161\u0137ir\u012bg\u0101m p\u0101rl\u016bkprogramm\u0101m, bet ar\u012b p\u0101rl\u016bkprogrammu versij\u0101m. Bez s\u012bkdat\u0146u izmanto\u0161anas apstiprin\u0101\u0161anas AUTOMATION ENGINEERING t\u012bmek\u013ca vietn\u0113, J\u016bs nevar\u0113siet pilnv\u0113rt\u012bgi izmantot AUTOMATION ENGINEERING pied\u0101v\u0101tos pakalpojumus. Vair\u0101k par ES s\u012bkdat\u0146u regul\u0101ciju un normat\u012bvajiem aktiem var uzzin\u0101t vietn\u0113:&nbsp;<\/p>\n\n\n\n<p class=\"has-black-color has-text-color has-link-color wp-elements-16bbf63dd27fb5503f1c423a5dd3bc06\">http:\/\/ec.europa.eu\/ipg\/basics\/legal\/cookies\/index_en.htm&nbsp;<\/p>\n\n\n\n<p class=\"has-black-color has-text-color has-link-color wp-elements-2476a7f1b8a4dae994135685bedbdd0d\">Atjaunin\u0101ts 2024. gada 24. decembr\u012b&nbsp;<\/p>\n","protected":false},"excerpt":{"rendered":"<p>Kas ir s\u012bkdatnes (cookies)?&nbsp; S\u012bkdatnes jeb s\u012bkfaili \u2013 ir t\u012bmek\u013ca servera nos\u016bt\u012bta datne, kuras t\u012bmek\u013ca p\u0101rl\u016bkprogramma (Google Chrome, Internet Explorer, Firefox, Safari u.c.) saglab\u0101 t\u012bmek\u013ca lietot\u0101ja ier\u012bc\u0113: dator\u0101, viedt\u0101lrun\u012b vai plan\u0161etdator\u0101. Visbie\u017e\u0101k s\u012bkfailus izmanto lietot\u0101ju autoriz\u0113\u0161an\u0101s sist\u0113m\u0101s. Ar s\u012bkdat\u0146u pal\u012bdz\u012bbu, t\u012bmek\u013ca vietnes var nodro\u0161in\u0101t ar\u012b individualiz\u0113tus iestat\u012bjumus t\u012bmek\u013ca lietot\u0101jam.&nbsp; S\u012bkdatnes parasti satur \u0161\u0101du inform\u0101ciju:&nbsp; Lietot\u0101js [&hellip;]<\/p>\n","protected":false},"author":1,"featured_media":0,"parent":0,"menu_order":0,"comment_status":"closed","ping_status":"closed","template":"","meta":{"om_disable_all_campaigns":false,"_monsterinsights_skip_tracking":false,"_monsterinsights_sitenote_active":false,"_monsterinsights_sitenote_note":"","_monsterinsights_sitenote_category":0,"footnotes":""},"categories":[],"tags":[],"_links":{"self":[{"href":"https:\/\/aengineering.lv\/lv\/wp-json\/wp\/v2\/pages\/933"}],"collection":[{"href":"https:\/\/aengineering.lv\/lv\/wp-json\/wp\/v2\/pages"}],"about":[{"href":"https:\/\/aengineering.lv\/lv\/wp-json\/wp\/v2\/types\/page"}],"author":[{"embeddable":true,"href":"https:\/\/aengineering.lv\/lv\/wp-json\/wp\/v2\/users\/1"}],"replies":[{"embeddable":true,"href":"https:\/\/aengineering.lv\/lv\/wp-json\/wp\/v2\/comments?post=933"}],"version-history":[{"count":6,"href":"https:\/\/aengineering.lv\/lv\/wp-json\/wp\/v2\/pages\/933\/revisions"}],"predecessor-version":[{"id":939,"href":"https:\/\/aengineering.lv\/lv\/wp-json\/wp\/v2\/pages\/933\/revisions\/939"}],"wp:attachment":[{"href":"https:\/\/aengineering.lv\/lv\/wp-json\/wp\/v2\/media?parent=933"}],"wp:term":[{"taxonomy":"category","embeddable":true,"href":"https:\/\/aengineering.lv\/lv\/wp-json\/wp\/v2\/categories?post=933"},{"taxonomy":"post_tag","embeddable":true,"href":"https:\/\/aengineering.lv\/lv\/wp-json\/wp\/v2\/tags?post=933"}],"curies":[{"name":"wp","href":"https:\/\/api.w.org\/{rel}","templated":true}]}}